{"id":1196,"date":"2025-01-24T10:39:18","date_gmt":"2025-01-24T09:39:18","guid":{"rendered":"https:\/\/nueva.gonzalocelayetawines.com\/?post_type=product&#038;p=1196"},"modified":"2026-01-04T19:10:32","modified_gmt":"2026-01-04T18:10:32","slug":"el-piano","status":"publish","type":"product","link":"https:\/\/gonzalocelayetawines.com\/en\/producto\/el-piano\/","title":{"rendered":"El Piano"},"content":{"rendered":"<h2>Vino El Piano<\/h2>\n<h3 class=\"_title\">Zona y Vi\u00f1edo<\/h3>\n<p>En este vino cobra gran importancia la ubicaci\u00f3n del vi\u00f1edo, ya que trata de ser un vino muy &#8220;Terroir&#8221; que transmite muy bien lo que es la Garnacha atl\u00e1ntica en una zona determinada con unas caracter\u00edsticas muy propias.<\/p>\n<p>Vi\u00f1edos situados en el pueblo de San Mart\u00edn de Unx, subzona de Baja monta\u00f1a de la Denominaci\u00f3n de Origen Navarra. Tierra de Garnachas y de una larga tradici\u00f3n vit\u00edcola.<\/p>\n<p>Terru\u00f1o: 600m de altitud, suelos de fertilidad media, terrazas y peque\u00f1as laderas \u00a0con suelos arcillo-calc\u00e1reos en general.<\/p>\n<p>&nbsp;<\/p>\n<h3 class=\"_title\">Momento y temperatura de consumo<\/h3>\n<p>Actualidad y hasta al menos 3 a\u00f1os. Es un vino que sale al mercado con crianza en botella para estar en un momento \u00f3ptimo de consumo, aunque su frescor y finura har\u00e1n que envejezca tres \u00f3 cuatro a\u00f1os m\u00e1s de manera muy positiva.<\/p>\n<p>16-18\u00baC<\/p>\n<p><strong><em>Lo maridamos con\u2026<\/em><\/strong><\/p>\n<p><em>(Partimos de la base que el mejor maridaje es el que a \u201ct\u00ed te gusta\u201d, pero con vuestro permiso ah\u00ed van unas recomendaciones personales).<\/em><\/p>\n<p>Muy vers\u00e1til, de car\u00e1cter muy fino, encaja con cantidad de pescados al horno y guisados, especialmente bacalao, perfecto con legumbres y todo tipo de carnes (muy recomendable con aves).<\/p>\n<p>&nbsp;<\/p>\n<h3 class=\"_title\">Varietal<\/h3>\n<p>Garnacha 100%. De todos es conocida mi pasi\u00f3n por la Garnacha, podemos hablar de mi variedad preferida, as\u00ed que en un vino tan emocional no cab\u00eda otra cepa.<\/p>\n<p>&nbsp;<\/p>\n<h3 class=\"_title\">Crianza<\/h3>\n<p>Crianza de\u00a012 meses en barrica de Roble Americano de al menos 5 vinos. Tratamos de minimizar la presencia de tostados y ahumados.<\/p>\n<p><strong><span class=\"_title\">N\u00ba de botellas:<\/span><\/strong> 4.000 botellas\/a\u00f1o.<\/p>\n<p>&nbsp;<\/p>\n<h3>Notas de Cata<\/h3>\n<p>Vino de capa media y tonalidad\u00a0rojo rub\u00ed.<\/p>\n<p>Aroma suave, sutil, y\u00a0muy varietal, marcando la\u00a0fruta roja de la Garnacha, con notas de confitura y un car\u00e1cter especiado y agreste (monte bajo) que le confieren la zona de cultivo (San Mart\u00edn de Unx).<\/p>\n<p>Boca suave, fresca y de estructura media. Vuelven las notas frutales y especiadas fundamentalmente.<\/p>\n","protected":false},"excerpt":{"rendered":"<p>Desde 2006 llevaba elaborando vinos de Garnacha en San Mart\u00edn de Unx, una Tierra tan propicia para esta variedad, y unas uvas y un pueblo que tanto me cautivan. Pero hasta 2012 no encontr\u00e9 el momento de desarrollar un Proyecto personal que transmitiera los valores tanto de la Garnacha como de San Mart\u00edn de Unx en una botella de vino.<\/p>\n<p>Decid\u00ed llamarlo \u201cEl Piano\u201d, teniendo en cuenta que me resulta un instrumento arm\u00f3nico, envolvente y profundo (como este vino), que transmite los valores de quien lo toca y que escuchado en directo, copa de vino en mano, produce unas sensaciones muy placenteras. Incluso me atrev\u00ed a maridarlo con una canci\u00f3n que tantas veces he escuchado (<em><a href=\"https:\/\/youtu.be\/7maJOI3QMu0\" target=\"_blank\" rel=\"noopener\">\u201cRiver flow in you\u201d, de Yiruma<\/a><\/em>), en el fondo homenajeando a quien tantas horas de Piano me ha dedicado.<\/p>\n<p>En cualquier caso, la m\u00fasica de fondo y una copa de un buen vino de Garnacha tienen mucho que ver, sin duda es algo que provoca muy buenas sensaciones\u2026<\/p>\n","protected":false},"featured_media":1277,"comment_status":"closed","ping_status":"closed","template":"","meta":{"site-sidebar-layout":"default","site-content-layout":"","ast-site-content-layout":"default","site-content-style":"default","site-sidebar-style":"default","ast-global-header-display":"","ast-banner-title-visibility":"","ast-main-header-display":"","ast-hfb-above-header-display":"","ast-hfb-below-header-display":"","ast-hfb-mobile-header-display":"","site-post-title":"","ast-breadcrumbs-content":"","ast-featured-img":"","footer-sml-layout":"","ast-disable-related-posts":"","theme-transparent-header-meta":"default","adv-header-id-meta":"","stick-header-meta":"default","header-above-stick-meta":"","header-main-stick-meta":"","header-below-stick-meta":"","astra-migrate-meta-layouts":"set","ast-page-background-enabled":"default","ast-page-background-meta":{"desktop":{"background-color":"var(--ast-global-color-4)","background-image":"","background-repeat":"repeat","background-position":"center center","background-size":"auto","background-attachment":"scroll","background-type":"","background-media":"","overlay-type":"","overlay-color":"","overlay-opacity":"","overlay-gradient":""},"tablet":{"background-color":"","background-image":"","background-repeat":"repeat","background-position":"center center","background-size":"auto","background-attachment":"scroll","background-type":"","background-media":"","overlay-type":"","overlay-color":"","overlay-opacity":"","overlay-gradient":""},"mobile":{"background-color":"","background-image":"","background-repeat":"repeat","background-position":"center center","background-size":"auto","background-attachment":"scroll","background-type":"","background-media":"","overlay-type":"","overlay-color":"","overlay-opacity":"","overlay-gradient":""}},"ast-content-background-meta":{"desktop":{"background-color":"var(--ast-global-color-5)","background-image":"","background-repeat":"repeat","background-position":"center center","background-size":"auto","background-attachment":"scroll","background-type":"","background-media":"","overlay-type":"","overlay-color":"","overlay-opacity":"","overlay-gradient":""},"tablet":{"background-color":"var(--ast-global-color-5)","background-image":"","background-repeat":"repeat","background-position":"center center","background-size":"auto","background-attachment":"scroll","background-type":"","background-media":"","overlay-type":"","overlay-color":"","overlay-opacity":"","overlay-gradient":""},"mobile":{"background-color":"var(--ast-global-color-5)","background-image":"","background-repeat":"repeat","background-position":"center center","background-size":"auto","background-attachment":"scroll","background-type":"","background-media":"","overlay-type":"","overlay-color":"","overlay-opacity":"","overlay-gradient":""}}},"product_brand":[],"product_cat":[66],"product_tag":[],"class_list":{"0":"post-1196","1":"product","2":"type-product","3":"status-publish","4":"has-post-thumbnail","6":"product_cat-garnacha-tinta-2021","7":"desktop-align-left","8":"tablet-align-left","9":"mobile-align-left","10":"ast-product-gallery-layout-horizontal-slider","11":"ast-product-gallery-with-no-image","12":"ast-product-tabs-layout-horizontal","14":"first","15":"instock","16":"taxable","17":"shipping-taxable","18":"purchasable","19":"product-type-simple"},"_links":{"self":[{"href":"https:\/\/gonzalocelayetawines.com\/en\/wp-json\/wp\/v2\/product\/1196","targetHints":{"allow":["GET"]}}],"collection":[{"href":"https:\/\/gonzalocelayetawines.com\/en\/wp-json\/wp\/v2\/product"}],"about":[{"href":"https:\/\/gonzalocelayetawines.com\/en\/wp-json\/wp\/v2\/types\/product"}],"replies":[{"embeddable":true,"href":"https:\/\/gonzalocelayetawines.com\/en\/wp-json\/wp\/v2\/comments?post=1196"}],"wp:featuredmedia":[{"embeddable":true,"href":"https:\/\/gonzalocelayetawines.com\/en\/wp-json\/wp\/v2\/media\/1277"}],"wp:attachment":[{"href":"https:\/\/gonzalocelayetawines.com\/en\/wp-json\/wp\/v2\/media?parent=1196"}],"wp:term":[{"taxonomy":"product_brand","embeddable":true,"href":"https:\/\/gonzalocelayetawines.com\/en\/wp-json\/wp\/v2\/product_brand?post=1196"},{"taxonomy":"product_cat","embeddable":true,"href":"https:\/\/gonzalocelayetawines.com\/en\/wp-json\/wp\/v2\/product_cat?post=1196"},{"taxonomy":"product_tag","embeddable":true,"href":"https:\/\/gonzalocelayetawines.com\/en\/wp-json\/wp\/v2\/product_tag?post=1196"}],"curies":[{"name":"wp","href":"https:\/\/api.w.org\/{rel}","templated":true}]}}