{"id":1198,"date":"2025-01-24T11:30:26","date_gmt":"2025-01-24T10:30:26","guid":{"rendered":"https:\/\/nueva.gonzalocelayetawines.com\/?post_type=product&#038;p=1198"},"modified":"2026-04-02T12:09:34","modified_gmt":"2026-04-02T10:09:34","slug":"huracan-daniela","status":"publish","type":"product","link":"https:\/\/gonzalocelayetawines.com\/en\/producto\/huracan-daniela\/","title":{"rendered":"Hurac\u00e1n Daniela 2025"},"content":{"rendered":"<h2>Vino Hurac\u00e1n Daniela<\/h2>\n<h3 class=\"_title\">Zona y Vi\u00f1edo<\/h3>\n<p>Denominaci\u00f3n de Origen Navarra. Vino de pueblo de San Mart\u00edn de Unx.<\/p>\n<p>Vi\u00f1edos situados en zona de\u00a0 Baja Monta\u00f1a, en la parte baja del t\u00e9rmino municipal de San Mart\u00edn de Unx.<\/p>\n<p>Terru\u00f1o: 400-500m de altitud, suelos de fertilidad media, arcillo \u2013 calc\u00e1reos.<\/p>\n<p>&nbsp;<\/p>\n<h3 class=\"_title\">Momento y temperatura de consumo<\/h3>\n<p>Actualidad, hasta 3 a\u00f1os.<\/p>\n<p>6-8\u00baC<\/p>\n<p><strong><em>Lo maridamos con\u2026<\/em><\/strong><\/p>\n<p>(Partimos de la base que el mejor maridaje es el que a &#8220;t\u00ed te gusta&#8221;, pero con vuestro permiso ah\u00ed van unas recomendaciones personales).<\/p>\n<p>Un vino blanco de perfil muy gastron\u00f3mico, trago muy largo, buena estructura y frescor, que lo convierten en vino bastante todoterreno en la mesa, buen compa\u00f1ero de verduras, carnes blancas, carnes a la plancha y todo tipo de pescados.<\/p>\n<p>&nbsp;<\/p>\n<h3 class=\"_title\">Varietal<\/h3>\n<p>Garnacha blanca (70%), Viura y Chardonnay.<\/p>\n<p>&nbsp;<\/p>\n<h3 class=\"_title\">Crianza<\/h3>\n<p>Crianza en Tinaja de Barro.<\/p>\n<p>Fermentado y criado sobre l\u00edas en tinaja de barro durante 5 meses.<\/p>\n<p><strong><span class=\"_title\">N\u00ba de botellas:<\/span><\/strong> 6.500 botellas\/a\u00f1o.<\/p>\n<p>&nbsp;<\/p>\n<h3>Notas de Cata<\/h3>\n<p>Amarillo pajizo con reflejos verdosos, vivaz.<\/p>\n<p>En nariz es un vino fino, no muy intenso pero profundo, elegante, con predominio de fruta blanca de hueso (melocot\u00f3n, albaricoque&#8230;), un toque anisado y un fondo mineral marcado, agradece la aireaci\u00f3n en copa.<\/p>\n<p>En boca es un vino intenso, graso, con fruta blanca, l\u00edas, mineralidad y buena acidez.<\/p>\n","protected":false},"excerpt":{"rendered":"<h3><strong>Cu\u00e1ndo y c\u00f3mo&#8230;<\/strong><\/h3>\n<p>Como dice el refr\u00e1n no hay una sin dos, espero que s\u00ed dos sin tres&#8230; A\u00f1o 2015, nace Daniela, mi segunda hija, como no pod\u00eda ser de otro modo en vendima, plena vendimia, acompa\u00f1ada de un parto complicado y alg\u00fan peque\u00f1o problemilla a\u00f1adido, nada grave, pero tormentoso&#8230; Estaba claro que quer\u00eda dar guerra, pas\u00f3 el tiempo y se consum\u00f3 el presagio, Daniela es un volc\u00e1n de expresividad, de ruido, de alegr\u00edas y llantos, pero sobre todo de felicidad, una felicidad que transmite y arrasa all\u00ed donde va&#8230; en definitiva un hurac\u00e1n de sentimientos.<\/p>\n<p>Ten\u00eda que dedicarle un vino, mi mejor y m\u00e1s preciado regalo, y ten\u00eda que ser intenso, potente y con muchos matices, as\u00ed es Daniela: me pareci\u00f3 apropiado un blanco de ensamblaje, plurivarietal, que abarcara muchos matices y con un marcado trabajo en l\u00edas que le diera fuerza y profundidad.<\/p>\n<p>La guinda la pone la tinaja, que le aporta un car\u00e1cter diferenciado y le ayuda a madurar de manera particular, pero sobre todo aporta un sentido metaf\u00f3rico al vino, situ\u00e1ndolo en la galia, junto al mism\u00edsimo Asterix, como si Daniela hubiera ca\u00eddo en su misma marmita, solo algo as\u00ed explica su inagotable energ\u00eda.<\/p>\n","protected":false},"featured_media":1679,"comment_status":"closed","ping_status":"closed","template":"","meta":{"site-sidebar-layout":"default","site-content-layout":"","ast-site-content-layout":"default","site-content-style":"default","site-sidebar-style":"default","ast-global-header-display":"","ast-banner-title-visibility":"","ast-main-header-display":"","ast-hfb-above-header-display":"","ast-hfb-below-header-display":"","ast-hfb-mobile-header-display":"","site-post-title":"","ast-breadcrumbs-content":"","ast-featured-img":"","footer-sml-layout":"","ast-disable-related-posts":"","theme-transparent-header-meta":"default","adv-header-id-meta":"","stick-header-meta":"default","header-above-stick-meta":"","header-main-stick-meta":"","header-below-stick-meta":"","astra-migrate-meta-layouts":"set","ast-page-background-enabled":"default","ast-page-background-meta":{"desktop":{"background-color":"var(--ast-global-color-4)","background-image":"","background-repeat":"repeat","background-position":"center center","background-size":"auto","background-attachment":"scroll","background-type":"","background-media":"","overlay-type":"","overlay-color":"","overlay-opacity":"","overlay-gradient":""},"tablet":{"background-color":"","background-image":"","background-repeat":"repeat","background-position":"center center","background-size":"auto","background-attachment":"scroll","background-type":"","background-media":"","overlay-type":"","overlay-color":"","overlay-opacity":"","overlay-gradient":""},"mobile":{"background-color":"","background-image":"","background-repeat":"repeat","background-position":"center center","background-size":"auto","background-attachment":"scroll","background-type":"","background-media":"","overlay-type":"","overlay-color":"","overlay-opacity":"","overlay-gradient":""}},"ast-content-background-meta":{"desktop":{"background-color":"var(--ast-global-color-5)","background-image":"","background-repeat":"repeat","background-position":"center center","background-size":"auto","background-attachment":"scroll","background-type":"","background-media":"","overlay-type":"","overlay-color":"","overlay-opacity":"","overlay-gradient":""},"tablet":{"background-color":"var(--ast-global-color-5)","background-image":"","background-repeat":"repeat","background-position":"center center","background-size":"auto","background-attachment":"scroll","background-type":"","background-media":"","overlay-type":"","overlay-color":"","overlay-opacity":"","overlay-gradient":""},"mobile":{"background-color":"var(--ast-global-color-5)","background-image":"","background-repeat":"repeat","background-position":"center center","background-size":"auto","background-attachment":"scroll","background-type":"","background-media":"","overlay-type":"","overlay-color":"","overlay-opacity":"","overlay-gradient":""}}},"product_brand":[],"product_cat":[62],"product_tag":[],"class_list":{"0":"post-1198","1":"product","2":"type-product","3":"status-publish","4":"has-post-thumbnail","6":"product_cat-garnacha-blanca","7":"desktop-align-left","8":"tablet-align-left","9":"mobile-align-left","10":"ast-product-gallery-layout-horizontal-slider","11":"ast-product-gallery-with-no-image","12":"ast-product-tabs-layout-horizontal","14":"first","15":"instock","16":"taxable","17":"shipping-taxable","18":"purchasable","19":"product-type-simple"},"_links":{"self":[{"href":"https:\/\/gonzalocelayetawines.com\/en\/wp-json\/wp\/v2\/product\/1198","targetHints":{"allow":["GET"]}}],"collection":[{"href":"https:\/\/gonzalocelayetawines.com\/en\/wp-json\/wp\/v2\/product"}],"about":[{"href":"https:\/\/gonzalocelayetawines.com\/en\/wp-json\/wp\/v2\/types\/product"}],"replies":[{"embeddable":true,"href":"https:\/\/gonzalocelayetawines.com\/en\/wp-json\/wp\/v2\/comments?post=1198"}],"wp:featuredmedia":[{"embeddable":true,"href":"https:\/\/gonzalocelayetawines.com\/en\/wp-json\/wp\/v2\/media\/1679"}],"wp:attachment":[{"href":"https:\/\/gonzalocelayetawines.com\/en\/wp-json\/wp\/v2\/media?parent=1198"}],"wp:term":[{"taxonomy":"product_brand","embeddable":true,"href":"https:\/\/gonzalocelayetawines.com\/en\/wp-json\/wp\/v2\/product_brand?post=1198"},{"taxonomy":"product_cat","embeddable":true,"href":"https:\/\/gonzalocelayetawines.com\/en\/wp-json\/wp\/v2\/product_cat?post=1198"},{"taxonomy":"product_tag","embeddable":true,"href":"https:\/\/gonzalocelayetawines.com\/en\/wp-json\/wp\/v2\/product_tag?post=1198"}],"curies":[{"name":"wp","href":"https:\/\/api.w.org\/{rel}","templated":true}]}}