{"id":1200,"date":"2025-05-09T11:15:24","date_gmt":"2025-05-09T09:15:24","guid":{"rendered":"https:\/\/nueva.gonzalocelayetawines.com\/?post_type=product&#038;p=1200"},"modified":"2025-05-29T12:30:04","modified_gmt":"2025-05-29T10:30:04","slug":"la-huella-de-aitana-cuvee-zen","status":"publish","type":"product","link":"https:\/\/gonzalocelayetawines.com\/en\/producto\/la-huella-de-aitana-cuvee-zen\/","title":{"rendered":"La Huella de Aitana Cuv\u00e9e Zen"},"content":{"rendered":"<h2>Vino La huella de Aitana Cuv\u00e9e Zen<\/h2>\n<h3 class=\"_title\">Zona y Vi\u00f1edo<\/h3>\n<p>Denominaci\u00f3n de Origen Navarra, vi\u00f1edos situados en San Mart\u00edn de Unx, subzona de Baja Monta\u00f1a de Navarra.<\/p>\n<p>&nbsp;<\/p>\n<h3 class=\"_title\">Momento y temperatura de consumo<\/h3>\n<p>Esperamos del vino que vaya mejorando en botella\u00a0 durante al menos dos a\u00f1os pero su potencial nos hace pensar que una buena conservaci\u00f3n de la botella le permita aguantar muchos a\u00f1os. Recomendamos su consumo no muy fr\u00edo: 8-10\u00baC<\/p>\n<p><strong><em>Lo maridamos con\u2026<\/em><\/strong><\/p>\n<p>Un vino que sorprende por su potencia y tambi\u00e9n finura, lo maridamos con \u201ccasi todo\u201d pero agradece platos elaborados, guisos y contrastes.<\/p>\n<p>&nbsp;<\/p>\n<h3 class=\"_title\">Varietal<\/h3>\n<p>Garnacha tinta 85%; Garnacha blanca 15%.<\/p>\n<p>&nbsp;<\/p>\n<h3 class=\"_title\">Crianza<\/h3>\n<p>Criado 8 en meses en barrica de Roble sobre l\u00edas y posterior maduraci\u00f3n en \u00e1nfora o Tinaja de arcilla (Gres) durante 10 meses.<\/p>\n<p><strong><span class=\"_title\">N\u00ba de botellas:<\/span><\/strong> 1.500 botellas\/a\u00f1o.<\/p>\n<p>&nbsp;<\/p>\n<h3>Notas de Cata<\/h3>\n<p>Color rosa salm\u00f3n, reflejos casi cobrizos, capa ligera.<\/p>\n<p>En aroma resulta intenso, fino y de numerosos registros: fruta blanca, flores blancas, piel de c\u00edtricos (mandarina), hierbas, boller\u00eda y fondo mineral.<\/p>\n<p>Boca potente, estructurada, golosa y al mismo tiempo de gran frescura, notas frutales, florales y minerales combinan a la perfecci\u00f3n en lo que se entiende por un rosado &#8220;de guarda&#8221; o crianza.<\/p>\n","protected":false},"excerpt":{"rendered":"<p>Transcurridos diez a\u00f1os del Proyecto La Huella de Aitana decid\u00ed dar un pasito m\u00e1s, explorando un escal\u00f3n m\u00e1s en el mundo de los rosados, esta vez con un rosado \u00abde guarda\u00bb, y as\u00ed, junto con mi hija Aitana, que participa en el dise\u00f1o de la etiqueta y mantiene el estilo en la ilustraci\u00f3n, aunque esta vez con una t\u00e9cnica m\u00e1s evolucionada como es la acuarela, ambos damos un pasito m\u00e1s, y ponemos todo nuestro cari\u00f1o en esta botella de vino al m\u00e1s puro estilo artesanal. Solo espero haber conseguido transmitir en su descorche al menos una peque\u00f1a parte del gran esfuerzo y pasi\u00f3n dedicados.<\/p>\n","protected":false},"featured_media":1445,"comment_status":"closed","ping_status":"closed","template":"","meta":{"site-sidebar-layout":"default","site-content-layout":"","ast-site-content-layout":"default","site-content-style":"default","site-sidebar-style":"default","ast-global-header-display":"","ast-banner-title-visibility":"","ast-main-header-display":"","ast-hfb-above-header-display":"","ast-hfb-below-header-display":"","ast-hfb-mobile-header-display":"","site-post-title":"","ast-breadcrumbs-content":"","ast-featured-img":"","footer-sml-layout":"","ast-disable-related-posts":"","theme-transparent-header-meta":"default","adv-header-id-meta":"","stick-header-meta":"default","header-above-stick-meta":"","header-main-stick-meta":"","header-below-stick-meta":"","astra-migrate-meta-layouts":"set","ast-page-background-enabled":"default","ast-page-background-meta":{"desktop":{"background-color":"var(--ast-global-color-4)","background-image":"","background-repeat":"repeat","background-position":"center center","background-size":"auto","background-attachment":"scroll","background-type":"","background-media":"","overlay-type":"","overlay-color":"","overlay-opacity":"","overlay-gradient":""},"tablet":{"background-color":"","background-image":"","background-repeat":"repeat","background-position":"center center","background-size":"auto","background-attachment":"scroll","background-type":"","background-media":"","overlay-type":"","overlay-color":"","overlay-opacity":"","overlay-gradient":""},"mobile":{"background-color":"","background-image":"","background-repeat":"repeat","background-position":"center center","background-size":"auto","background-attachment":"scroll","background-type":"","background-media":"","overlay-type":"","overlay-color":"","overlay-opacity":"","overlay-gradient":""}},"ast-content-background-meta":{"desktop":{"background-color":"var(--ast-global-color-5)","background-image":"","background-repeat":"repeat","background-position":"center center","background-size":"auto","background-attachment":"scroll","background-type":"","background-media":"","overlay-type":"","overlay-color":"","overlay-opacity":"","overlay-gradient":""},"tablet":{"background-color":"var(--ast-global-color-5)","background-image":"","background-repeat":"repeat","background-position":"center center","background-size":"auto","background-attachment":"scroll","background-type":"","background-media":"","overlay-type":"","overlay-color":"","overlay-opacity":"","overlay-gradient":""},"mobile":{"background-color":"var(--ast-global-color-5)","background-image":"","background-repeat":"repeat","background-position":"center center","background-size":"auto","background-attachment":"scroll","background-type":"","background-media":"","overlay-type":"","overlay-color":"","overlay-opacity":"","overlay-gradient":""}}},"product_brand":[],"product_cat":[66],"product_tag":[],"class_list":{"0":"post-1200","1":"product","2":"type-product","3":"status-publish","4":"has-post-thumbnail","6":"product_cat-garnacha-tinta-2021","7":"desktop-align-left","8":"tablet-align-left","9":"mobile-align-left","10":"ast-product-gallery-layout-horizontal-slider","11":"ast-product-gallery-with-no-image","12":"ast-product-tabs-layout-horizontal","14":"first","15":"instock","16":"taxable","17":"shipping-taxable","18":"purchasable","19":"product-type-simple"},"_links":{"self":[{"href":"https:\/\/gonzalocelayetawines.com\/en\/wp-json\/wp\/v2\/product\/1200","targetHints":{"allow":["GET"]}}],"collection":[{"href":"https:\/\/gonzalocelayetawines.com\/en\/wp-json\/wp\/v2\/product"}],"about":[{"href":"https:\/\/gonzalocelayetawines.com\/en\/wp-json\/wp\/v2\/types\/product"}],"replies":[{"embeddable":true,"href":"https:\/\/gonzalocelayetawines.com\/en\/wp-json\/wp\/v2\/comments?post=1200"}],"wp:featuredmedia":[{"embeddable":true,"href":"https:\/\/gonzalocelayetawines.com\/en\/wp-json\/wp\/v2\/media\/1445"}],"wp:attachment":[{"href":"https:\/\/gonzalocelayetawines.com\/en\/wp-json\/wp\/v2\/media?parent=1200"}],"wp:term":[{"taxonomy":"product_brand","embeddable":true,"href":"https:\/\/gonzalocelayetawines.com\/en\/wp-json\/wp\/v2\/product_brand?post=1200"},{"taxonomy":"product_cat","embeddable":true,"href":"https:\/\/gonzalocelayetawines.com\/en\/wp-json\/wp\/v2\/product_cat?post=1200"},{"taxonomy":"product_tag","embeddable":true,"href":"https:\/\/gonzalocelayetawines.com\/en\/wp-json\/wp\/v2\/product_tag?post=1200"}],"curies":[{"name":"wp","href":"https:\/\/api.w.org\/{rel}","templated":true}]}}