{"id":1267,"date":"2025-05-09T10:57:38","date_gmt":"2025-05-09T08:57:38","guid":{"rendered":"https:\/\/nueva.gonzalocelayetawines.com\/?post_type=product&#038;p=1267"},"modified":"2026-01-04T19:17:33","modified_gmt":"2026-01-04T18:17:33","slug":"kimera","status":"publish","type":"product","link":"https:\/\/gonzalocelayetawines.com\/en\/producto\/kimera\/","title":{"rendered":"Kimera"},"content":{"rendered":"<h2>Vino Kimera<\/h2>\n<h3 class=\"_title\">Zona y Vi\u00f1edo<\/h3>\n<p>Vi\u00f1edos situados en el pueblo de San Mart\u00edn de Unx, subzona de Baja monta\u00f1a de la Denominaci\u00f3n de Origen Navarra. Tierra de Garnachas y de una larga tradici\u00f3n vit\u00edcola.<\/p>\n<p>Terru\u00f1o: 600m de altitud, suelos de fertilidad media, terrazas y peque\u00f1as laderas con suelos arcillo-calc\u00e1reos en general.<\/p>\n<p>&nbsp;<\/p>\n<h3 class=\"_title\">Momento y temperatura de consumo<\/h3>\n<p>Actualidad y hasta al menos 4 a\u00f1os.<\/p>\n<p>16-18\u00baC<\/p>\n<p><strong><em>Lo maridamos con\u2026<\/em><\/strong><\/p>\n<p>Muy vers\u00e1til, destaca por su car\u00e1cter afrutado y delicado, buen compa\u00f1ero de verduras y legumbres, encaja con cantidad de pescados al horno y guisados, y todo tipo de carnes, mejor plancha que guisos.<\/p>\n<p>&nbsp;<\/p>\n<h3 class=\"_title\">Varietal<\/h3>\n<p>Garnacha 100%.<\/p>\n<p>&nbsp;<\/p>\n<h3 class=\"_title\">Crianza<\/h3>\n<p>Crianza sobre l\u00edas de\u00a012 meses en tinaja de barro de 4.000L.<\/p>\n<p><strong><span class=\"_title\">N\u00ba de botellas:<\/span><\/strong> 5.000 botellas\/a\u00f1o.<\/p>\n<p>&nbsp;<\/p>\n<h3>Notas de Cata<\/h3>\n<p>Vino de intensa capa, tonalidad\u00a0cereza y vivaz.<\/p>\n<p>Aroma intenso, frutal, con recuerdos florales (violetas) y notas agrestes (monte bajo). De fondo encontramos un punto terroso y delicado que le aporta la tinaja.<\/p>\n<p>Boca potente, envolvente, con notas golosas pero muy fresca. Predomina la fruta y vuelven recuerdos de barro, muy finos, bien integrados.<\/p>\n","protected":false},"excerpt":{"rendered":"<p>Comienza a fraguarse en 2015, elaborado entre dos amigos locos por el vino, Luis Moya y un servidor (Gonzalo Celayeta). Pretend\u00edamos meter en una botella de vino nuestra bandera (variedad Garnacha), y reflejar los matices del origen del vi\u00f1edo, como no pod\u00eda ser de otro modo San Mart\u00edn de Unx, cuna de Garnachas y desde mi humilde punto de vista uno de los terru\u00f1os a tener en cuenta a nivel nacional para esta variedad. Pero quer\u00edamos ir m\u00e1s all\u00e1 y dar un aspecto ancestral al vino, una crianza sobre l\u00edas en \u00e1nforas de barro, adem\u00e1s busc\u00e1bamos \u00e1nforas a la antigua usanza, de gran volumen, viejas y envinadas, donde el barro estuviera \u201cpulido\u201d y donde las paredes gruesas permitieran una crianza larga y delicada. Se antojaba una Kimera, y como tal, nos cost\u00f3 encontrarlas pero el resultado y la espera han merecido la pena.<\/p>\n","protected":false},"featured_media":1268,"comment_status":"closed","ping_status":"closed","template":"","meta":{"site-sidebar-layout":"default","site-content-layout":"","ast-site-content-layout":"default","site-content-style":"default","site-sidebar-style":"default","ast-global-header-display":"","ast-banner-title-visibility":"","ast-main-header-display":"","ast-hfb-above-header-display":"","ast-hfb-below-header-display":"","ast-hfb-mobile-header-display":"","site-post-title":"","ast-breadcrumbs-content":"","ast-featured-img":"","footer-sml-layout":"","ast-disable-related-posts":"","theme-transparent-header-meta":"default","adv-header-id-meta":"","stick-header-meta":"default","header-above-stick-meta":"","header-main-stick-meta":"","header-below-stick-meta":"","astra-migrate-meta-layouts":"set","ast-page-background-enabled":"default","ast-page-background-meta":{"desktop":{"background-color":"var(--ast-global-color-4)","background-image":"","background-repeat":"repeat","background-position":"center center","background-size":"auto","background-attachment":"scroll","background-type":"","background-media":"","overlay-type":"","overlay-color":"","overlay-opacity":"","overlay-gradient":""},"tablet":{"background-color":"","background-image":"","background-repeat":"repeat","background-position":"center center","background-size":"auto","background-attachment":"scroll","background-type":"","background-media":"","overlay-type":"","overlay-color":"","overlay-opacity":"","overlay-gradient":""},"mobile":{"background-color":"","background-image":"","background-repeat":"repeat","background-position":"center center","background-size":"auto","background-attachment":"scroll","background-type":"","background-media":"","overlay-type":"","overlay-color":"","overlay-opacity":"","overlay-gradient":""}},"ast-content-background-meta":{"desktop":{"background-color":"var(--ast-global-color-5)","background-image":"","background-repeat":"repeat","background-position":"center center","background-size":"auto","background-attachment":"scroll","background-type":"","background-media":"","overlay-type":"","overlay-color":"","overlay-opacity":"","overlay-gradient":""},"tablet":{"background-color":"var(--ast-global-color-5)","background-image":"","background-repeat":"repeat","background-position":"center center","background-size":"auto","background-attachment":"scroll","background-type":"","background-media":"","overlay-type":"","overlay-color":"","overlay-opacity":"","overlay-gradient":""},"mobile":{"background-color":"var(--ast-global-color-5)","background-image":"","background-repeat":"repeat","background-position":"center center","background-size":"auto","background-attachment":"scroll","background-type":"","background-media":"","overlay-type":"","overlay-color":"","overlay-opacity":"","overlay-gradient":""}}},"product_brand":[],"product_cat":[98],"product_tag":[],"class_list":{"0":"post-1267","1":"product","2":"type-product","3":"status-publish","4":"has-post-thumbnail","6":"product_cat-garnacha-tinta-2024","7":"desktop-align-left","8":"tablet-align-left","9":"mobile-align-left","10":"ast-product-gallery-layout-horizontal-slider","11":"ast-product-gallery-with-no-image","12":"ast-product-tabs-layout-horizontal","14":"first","15":"instock","16":"taxable","17":"shipping-taxable","18":"purchasable","19":"product-type-simple"},"_links":{"self":[{"href":"https:\/\/gonzalocelayetawines.com\/en\/wp-json\/wp\/v2\/product\/1267","targetHints":{"allow":["GET"]}}],"collection":[{"href":"https:\/\/gonzalocelayetawines.com\/en\/wp-json\/wp\/v2\/product"}],"about":[{"href":"https:\/\/gonzalocelayetawines.com\/en\/wp-json\/wp\/v2\/types\/product"}],"replies":[{"embeddable":true,"href":"https:\/\/gonzalocelayetawines.com\/en\/wp-json\/wp\/v2\/comments?post=1267"}],"wp:featuredmedia":[{"embeddable":true,"href":"https:\/\/gonzalocelayetawines.com\/en\/wp-json\/wp\/v2\/media\/1268"}],"wp:attachment":[{"href":"https:\/\/gonzalocelayetawines.com\/en\/wp-json\/wp\/v2\/media?parent=1267"}],"wp:term":[{"taxonomy":"product_brand","embeddable":true,"href":"https:\/\/gonzalocelayetawines.com\/en\/wp-json\/wp\/v2\/product_brand?post=1267"},{"taxonomy":"product_cat","embeddable":true,"href":"https:\/\/gonzalocelayetawines.com\/en\/wp-json\/wp\/v2\/product_cat?post=1267"},{"taxonomy":"product_tag","embeddable":true,"href":"https:\/\/gonzalocelayetawines.com\/en\/wp-json\/wp\/v2\/product_tag?post=1267"}],"curies":[{"name":"wp","href":"https:\/\/api.w.org\/{rel}","templated":true}]}}