{"id":1269,"date":"2025-05-09T11:05:57","date_gmt":"2025-05-09T09:05:57","guid":{"rendered":"https:\/\/nueva.gonzalocelayetawines.com\/?post_type=product&#038;p=1269"},"modified":"2026-01-04T19:21:12","modified_gmt":"2026-01-04T18:21:12","slug":"espumoso-ancestral-kimera-blanco","status":"publish","type":"product","link":"https:\/\/gonzalocelayetawines.com\/en\/producto\/espumoso-ancestral-kimera-blanco\/","title":{"rendered":"Espumoso Ancestral KIMERA Blanco"},"content":{"rendered":"<h2>Vino Espumoso Ancestral KIMERA Blanco<\/h2>\n<h3 class=\"_title\">Zona y Vi\u00f1edo<\/h3>\n<p>Vi\u00f1edos situados en el pueblo de San Mart\u00edn de Unx, subzona de Baja monta\u00f1a de la Denominaci\u00f3n de Origen Navarra. Tierra de Garnachas y de una larga tradici\u00f3n vit\u00edcola.<\/p>\n<p>Terru\u00f1o: 600m de altitud, suelos de fertilidad media, terrazas y peque\u00f1as laderas \u00a0con suelos arcillo-calc\u00e1reos en general.<\/p>\n<p>&nbsp;<\/p>\n<h3 class=\"_title\">Momento y temperatura de consumo<\/h3>\n<p>Como buen espumoso esperamos que el paso del tiempo no sea un inconveniete. Actualidad y hasta al menos 3 a\u00f1os.<\/p>\n<p>6-8\u00baC<\/p>\n<p><strong><em>Lo maridamos con\u2026<\/em><\/strong><\/p>\n<p>Vinos que arrastran un car\u00e1cter todoterreno en la mesa, puede acompa\u00f1arnos con cualquier plato y postre, por ese car\u00e1cter fresco que aporta la burbuja. Personalmente lo encuentro muy buen compa\u00f1ero de carnes a la brasa, barbacoas, y cualquier sabor ahumado o &#8220;tostado&#8221; por su car\u00e1cter fresco y divertido pero no falla con verduras, legumbres, incluso con cantidad de guisos y asados.<\/p>\n<p>&nbsp;<\/p>\n<h3 class=\"_title\">Varietal<\/h3>\n<p>Garnacha blanca 100%.<\/p>\n<p>&nbsp;<\/p>\n<h3 class=\"_title\">Crianza<\/h3>\n<p>Crianza sobre l\u00edas en botella de 10 meses.<\/p>\n<p><strong><span class=\"_title\">N\u00ba de botellas:<\/span><\/strong> 1.500 botellas\/a\u00f1o.<\/p>\n<p>&nbsp;<\/p>\n<h3>Notas de Cata<\/h3>\n<p>Vino de burbuja delicada, suave y no especialmente persistente, que deja ver muy bien lo que tenemos detr\u00e1s.<\/p>\n<p>Aroma fresco, frutal pero con presencia importante de anisados y hierbas, caracter\u00edsticos de la Garnacha blanca en San Mart\u00edn de Unx.<\/p>\n<p>Boca alegre, divertida, fresca, de nuevo con mezcla de matices entre la fruta blanca t\u00edpica de la variedad y las notas m\u00e1s anisadas de la zona de San Mart\u00edn de Unx.<\/p>\n","protected":false},"excerpt":{"rendered":"<p>Comienza a fraguarse en 2015, elaborado entre dos amigos locos por el vino, Luis Moya y un servidor (Gonzalo Celayeta). Pretend\u00edamos meter en una botella de vino nuestra bandera (variedad Garnacha), y reflejar los matices del origen del vi\u00f1edo, como no pod\u00eda ser de otro modo San Mart\u00edn de Unx, cuna de Garnachas y desde mi humilde punto de vista uno de los terru\u00f1os a tener en cuenta a nivel nacional para esta variedad. Pero quer\u00edamos ir m\u00e1s all\u00e1 y dar un aspecto ancestral al vino, una crianza sobre l\u00edas en \u00e1nforas de barro, adem\u00e1s busc\u00e1bamos \u00e1nforas a la antigua usanza, de gran volumen, viejas y envinadas, donde el barro estuviera \u201cpulido\u201d y donde las paredes gruesas permitieran una crianza larga y delicada. Se antojaba una Kimera, y como tal, nos cost\u00f3 encontrarlas pero el resultado y la espera han merecido la pena.<\/p>\n","protected":false},"featured_media":1270,"comment_status":"closed","ping_status":"closed","template":"","meta":{"site-sidebar-layout":"default","site-content-layout":"","ast-site-content-layout":"default","site-content-style":"default","site-sidebar-style":"default","ast-global-header-display":"","ast-banner-title-visibility":"","ast-main-header-display":"","ast-hfb-above-header-display":"","ast-hfb-below-header-display":"","ast-hfb-mobile-header-display":"","site-post-title":"","ast-breadcrumbs-content":"","ast-featured-img":"","footer-sml-layout":"","ast-disable-related-posts":"","theme-transparent-header-meta":"default","adv-header-id-meta":"","stick-header-meta":"default","header-above-stick-meta":"","header-main-stick-meta":"","header-below-stick-meta":"","astra-migrate-meta-layouts":"set","ast-page-background-enabled":"default","ast-page-background-meta":{"desktop":{"background-color":"var(--ast-global-color-4)","background-image":"","background-repeat":"repeat","background-position":"center center","background-size":"auto","background-attachment":"scroll","background-type":"","background-media":"","overlay-type":"","overlay-color":"","overlay-opacity":"","overlay-gradient":""},"tablet":{"background-color":"","background-image":"","background-repeat":"repeat","background-position":"center center","background-size":"auto","background-attachment":"scroll","background-type":"","background-media":"","overlay-type":"","overlay-color":"","overlay-opacity":"","overlay-gradient":""},"mobile":{"background-color":"","background-image":"","background-repeat":"repeat","background-position":"center center","background-size":"auto","background-attachment":"scroll","background-type":"","background-media":"","overlay-type":"","overlay-color":"","overlay-opacity":"","overlay-gradient":""}},"ast-content-background-meta":{"desktop":{"background-color":"var(--ast-global-color-5)","background-image":"","background-repeat":"repeat","background-position":"center center","background-size":"auto","background-attachment":"scroll","background-type":"","background-media":"","overlay-type":"","overlay-color":"","overlay-opacity":"","overlay-gradient":""},"tablet":{"background-color":"var(--ast-global-color-5)","background-image":"","background-repeat":"repeat","background-position":"center center","background-size":"auto","background-attachment":"scroll","background-type":"","background-media":"","overlay-type":"","overlay-color":"","overlay-opacity":"","overlay-gradient":""},"mobile":{"background-color":"var(--ast-global-color-5)","background-image":"","background-repeat":"repeat","background-position":"center center","background-size":"auto","background-attachment":"scroll","background-type":"","background-media":"","overlay-type":"","overlay-color":"","overlay-opacity":"","overlay-gradient":""}}},"product_brand":[],"product_cat":[62],"product_tag":[],"class_list":{"0":"post-1269","1":"product","2":"type-product","3":"status-publish","4":"has-post-thumbnail","6":"product_cat-garnacha-blanca","7":"desktop-align-left","8":"tablet-align-left","9":"mobile-align-left","10":"ast-product-gallery-layout-horizontal-slider","11":"ast-product-gallery-with-no-image","12":"ast-product-tabs-layout-horizontal","14":"first","15":"instock","16":"taxable","17":"shipping-taxable","18":"purchasable","19":"product-type-simple"},"_links":{"self":[{"href":"https:\/\/gonzalocelayetawines.com\/en\/wp-json\/wp\/v2\/product\/1269","targetHints":{"allow":["GET"]}}],"collection":[{"href":"https:\/\/gonzalocelayetawines.com\/en\/wp-json\/wp\/v2\/product"}],"about":[{"href":"https:\/\/gonzalocelayetawines.com\/en\/wp-json\/wp\/v2\/types\/product"}],"replies":[{"embeddable":true,"href":"https:\/\/gonzalocelayetawines.com\/en\/wp-json\/wp\/v2\/comments?post=1269"}],"wp:featuredmedia":[{"embeddable":true,"href":"https:\/\/gonzalocelayetawines.com\/en\/wp-json\/wp\/v2\/media\/1270"}],"wp:attachment":[{"href":"https:\/\/gonzalocelayetawines.com\/en\/wp-json\/wp\/v2\/media?parent=1269"}],"wp:term":[{"taxonomy":"product_brand","embeddable":true,"href":"https:\/\/gonzalocelayetawines.com\/en\/wp-json\/wp\/v2\/product_brand?post=1269"},{"taxonomy":"product_cat","embeddable":true,"href":"https:\/\/gonzalocelayetawines.com\/en\/wp-json\/wp\/v2\/product_cat?post=1269"},{"taxonomy":"product_tag","embeddable":true,"href":"https:\/\/gonzalocelayetawines.com\/en\/wp-json\/wp\/v2\/product_tag?post=1269"}],"curies":[{"name":"wp","href":"https:\/\/api.w.org\/{rel}","templated":true}]}}