{"id":1275,"date":"2025-05-09T11:20:15","date_gmt":"2025-05-09T09:20:15","guid":{"rendered":"https:\/\/nueva.gonzalocelayetawines.com\/?post_type=product&#038;p=1275"},"modified":"2026-01-04T19:18:49","modified_gmt":"2026-01-04T18:18:49","slug":"el-duende","status":"publish","type":"product","link":"https:\/\/gonzalocelayetawines.com\/en\/producto\/el-duende\/","title":{"rendered":"El Duende"},"content":{"rendered":"<h2>Vino El Duende<\/h2>\n<h3 class=\"_title\">Zona y Vi\u00f1edo<\/h3>\n<p>Vi\u00f1edos situados en el pueblo de San Mart\u00edn de Unx, elaborado a partir de dos parcelas situadas por encima de los 600m, lo que nosotros denominamos en nuestra latitud como &#8220;Garnacha de Monta\u00f1a&#8221;.<\/p>\n<p>&nbsp;<\/p>\n<h3 class=\"_title\">Varietal<\/h3>\n<p>Garnacha Tinta 100%<\/p>\n<p>&nbsp;<\/p>\n<h3 class=\"_title\">Crianza<\/h3>\n<p>Criado 15 en meses en barrica de Roble Franc\u00e9s viejas (m\u00ednimo 10 usos).<\/p>\n<p><strong><span class=\"_title\">N\u00ba de botellas:<\/span><\/strong> 1.400 botellas\/a\u00f1o.<\/p>\n","protected":false},"excerpt":{"rendered":"<p>Despu\u00e9s de m\u00e1s de doce a\u00f1os elaborando Garnachas en San Martin de Unx, explorando, investigando\u2026 llegamos a la conclusi\u00f3n de que en ciertas parcelas, especialmente situadas en zonas altas y con suelos de componente bastante arenoso, (texturas ligeras en general), conseguimos vinos que expresan m\u00e1s la finura y el frescor que la concentraci\u00f3n.<\/p>\n<p>Los vinos obtenidos de estos vi\u00f1edos generalmente presentan baja intensidad colorante pero en boca sorprenden por su longitud y volumen, algo que a priori parece dif\u00edcil de esperar, de ah\u00ed su similitud o \u201chermanamiento\u201d con \u201cEl duende\u201d, personaje mitol\u00f3gico de peque\u00f1o tama\u00f1o, escurridizo, atemporal , cuidador de la naturaleza y el bosque, pero a pesar de todo envuelto de magia y poder.<\/p>\n<p>El objetivo de este vino es ofrecer un vino \u201cligero\u201d, fino, elegante y sutil al que podamos augurarle larga vida.<\/p>\n","protected":false},"featured_media":1276,"comment_status":"closed","ping_status":"closed","template":"","meta":{"site-sidebar-layout":"default","site-content-layout":"","ast-site-content-layout":"default","site-content-style":"default","site-sidebar-style":"default","ast-global-header-display":"","ast-banner-title-visibility":"","ast-main-header-display":"","ast-hfb-above-header-display":"","ast-hfb-below-header-display":"","ast-hfb-mobile-header-display":"","site-post-title":"","ast-breadcrumbs-content":"","ast-featured-img":"","footer-sml-layout":"","ast-disable-related-posts":"","theme-transparent-header-meta":"default","adv-header-id-meta":"","stick-header-meta":"default","header-above-stick-meta":"","header-main-stick-meta":"","header-below-stick-meta":"","astra-migrate-meta-layouts":"set","ast-page-background-enabled":"default","ast-page-background-meta":{"desktop":{"background-color":"var(--ast-global-color-4)","background-image":"","background-repeat":"repeat","background-position":"center center","background-size":"auto","background-attachment":"scroll","background-type":"","background-media":"","overlay-type":"","overlay-color":"","overlay-opacity":"","overlay-gradient":""},"tablet":{"background-color":"","background-image":"","background-repeat":"repeat","background-position":"center center","background-size":"auto","background-attachment":"scroll","background-type":"","background-media":"","overlay-type":"","overlay-color":"","overlay-opacity":"","overlay-gradient":""},"mobile":{"background-color":"","background-image":"","background-repeat":"repeat","background-position":"center center","background-size":"auto","background-attachment":"scroll","background-type":"","background-media":"","overlay-type":"","overlay-color":"","overlay-opacity":"","overlay-gradient":""}},"ast-content-background-meta":{"desktop":{"background-color":"var(--ast-global-color-5)","background-image":"","background-repeat":"repeat","background-position":"center center","background-size":"auto","background-attachment":"scroll","background-type":"","background-media":"","overlay-type":"","overlay-color":"","overlay-opacity":"","overlay-gradient":""},"tablet":{"background-color":"var(--ast-global-color-5)","background-image":"","background-repeat":"repeat","background-position":"center center","background-size":"auto","background-attachment":"scroll","background-type":"","background-media":"","overlay-type":"","overlay-color":"","overlay-opacity":"","overlay-gradient":""},"mobile":{"background-color":"var(--ast-global-color-5)","background-image":"","background-repeat":"repeat","background-position":"center center","background-size":"auto","background-attachment":"scroll","background-type":"","background-media":"","overlay-type":"","overlay-color":"","overlay-opacity":"","overlay-gradient":""}}},"product_brand":[],"product_cat":[66],"product_tag":[],"class_list":{"0":"post-1275","1":"product","2":"type-product","3":"status-publish","4":"has-post-thumbnail","6":"product_cat-garnacha-tinta-2021","7":"desktop-align-left","8":"tablet-align-left","9":"mobile-align-left","10":"ast-product-gallery-layout-horizontal-slider","11":"ast-product-gallery-with-no-image","12":"ast-product-tabs-layout-horizontal","14":"first","15":"instock","16":"taxable","17":"shipping-taxable","18":"purchasable","19":"product-type-simple"},"_links":{"self":[{"href":"https:\/\/gonzalocelayetawines.com\/en\/wp-json\/wp\/v2\/product\/1275","targetHints":{"allow":["GET"]}}],"collection":[{"href":"https:\/\/gonzalocelayetawines.com\/en\/wp-json\/wp\/v2\/product"}],"about":[{"href":"https:\/\/gonzalocelayetawines.com\/en\/wp-json\/wp\/v2\/types\/product"}],"replies":[{"embeddable":true,"href":"https:\/\/gonzalocelayetawines.com\/en\/wp-json\/wp\/v2\/comments?post=1275"}],"wp:featuredmedia":[{"embeddable":true,"href":"https:\/\/gonzalocelayetawines.com\/en\/wp-json\/wp\/v2\/media\/1276"}],"wp:attachment":[{"href":"https:\/\/gonzalocelayetawines.com\/en\/wp-json\/wp\/v2\/media?parent=1275"}],"wp:term":[{"taxonomy":"product_brand","embeddable":true,"href":"https:\/\/gonzalocelayetawines.com\/en\/wp-json\/wp\/v2\/product_brand?post=1275"},{"taxonomy":"product_cat","embeddable":true,"href":"https:\/\/gonzalocelayetawines.com\/en\/wp-json\/wp\/v2\/product_cat?post=1275"},{"taxonomy":"product_tag","embeddable":true,"href":"https:\/\/gonzalocelayetawines.com\/en\/wp-json\/wp\/v2\/product_tag?post=1275"}],"curies":[{"name":"wp","href":"https:\/\/api.w.org\/{rel}","templated":true}]}}