{"id":749,"date":"2022-09-23T15:39:57","date_gmt":"2022-09-23T15:39:57","guid":{"rendered":"http:\/\/qutiizdemo.local\/?post_type=product&#038;p=749"},"modified":"2026-04-02T12:06:33","modified_gmt":"2026-04-02T10:06:33","slug":"la-huella-de-aitana","status":"publish","type":"product","link":"https:\/\/gonzalocelayetawines.com\/en\/producto\/la-huella-de-aitana\/","title":{"rendered":"La huella de Aitana 2025"},"content":{"rendered":"<h2>Vino La huella de Aitana<\/h2>\n<h3 class=\"_title\">Zona y Vi\u00f1edo<\/h3>\n<p>Denominaci\u00f3n de Origen Navarra.<\/p>\n<p>Vi\u00f1edos situados en zona de transici\u00f3n entre las subzonas de Ribera Alta y la Baja Monta\u00f1a, en la parte baja del t\u00e9rmino municipal de San Mart\u00edn de Unx.<\/p>\n<p>Terru\u00f1o: 400m de altitud, suelos de fertilidad media, arcillo \u2013 calc\u00e1reos.<\/p>\n<p>&nbsp;<\/p>\n<h3 class=\"_title\">Momento y temperatura de consumo<\/h3>\n<p>Actualidad, hasta 2 a\u00f1os.<\/p>\n<p>6-8\u00baC<\/p>\n<p><strong><em>Lo maridamos con\u2026<\/em><\/strong><\/p>\n<p><em>(Partimos de la base que el mejor maridaje es el que a \u201ct\u00ed te gusta\u201d, pero con vuestro permiso ah\u00ed van unas recomendaciones personales).<\/em><\/p>\n<p>Un vino que te sorprender\u00e1 por su versatilidad en la mesa, lo maridamos con \u201ccasi todo\u201d: verduras, legumbres, pastas, arroces, pescados, carnes blancas, pizzas, entremeses, quesos&#8230; y sigue dando la talla con guisos, asados y carnes a la brasa. Realmente un todoterreno.<\/p>\n<p>&nbsp;<\/p>\n<h3 class=\"_title\">Varietal<\/h3>\n<p>Garnacha 100%. Como enamorado de la Garnacha y el rosado, ambos forman un matrimonio perfecto, no me pasaba por la cabeza un rosado de otra manera.<\/p>\n<p>&nbsp;<\/p>\n<h3 class=\"_title\">Crianza<\/h3>\n<p>Fermentado en barrica y criado sobre l\u00edas (4 meses en barrica de Roble Americano).<\/p>\n<p><strong><span class=\"_title\">N\u00ba de botellas:<\/span><\/strong> 9.000<span class=\"_text\">\u00a0botellas\/a\u00f1o.<\/span><\/p>\n<p>&nbsp;<\/p>\n<h3>Notas de Cata<\/h3>\n<p>Color rosa frambuesa, con reflejos viol\u00e1ceos bien marcados, brillante y vivaz.<\/p>\n<p>En aroma resulta intenso y de gran complejidad: buen ensamblaje entre notas tostadas y especiadas de la barrica con el car\u00e1cter dulz\u00f3n y frutal de la Garnacha.<\/p>\n<p>En boca es un rosado potente, envolvente, de buena estructura, con cantidad de matices frutales y tostados. A pesar de su aspecto goloso en boca, mantiene el frescor adecuado con una acidez que le confiere un equilibrio perfecto y vaticinan un buen envejecimiento en botella.<\/p>\n","protected":false},"excerpt":{"rendered":"<p>Un vino especial para m\u00ed, \u201cel ni\u00f1o mimado\u201d. Primera cosecha en el 2011, primer a\u00f1o de vida de Aitana (mi hija), as\u00ed que decid\u00ed dedicarle un vino. Ten\u00eda que ser algo delicado, sutil, con \u201cgracia\u201d&#8230; y que mejor que un rosado, un rosado diferente, con car\u00e1cter y que permitiera una buena evoluci\u00f3n en botella. Espero haberlo conseguido&#8230; al menos es un vino que nace lleno de buenas intenciones, y cuando se pone todo el cari\u00f1o para elaborar un vino, dif\u00edcilmente sale mal, espero que les guste.<\/p>\n","protected":false},"featured_media":1681,"comment_status":"closed","ping_status":"closed","template":"","meta":{"site-sidebar-layout":"default","site-content-layout":"","ast-site-content-layout":"default","site-content-style":"default","site-sidebar-style":"default","ast-global-header-display":"","ast-banner-title-visibility":"","ast-main-header-display":"","ast-hfb-above-header-display":"","ast-hfb-below-header-display":"","ast-hfb-mobile-header-display":"","site-post-title":"","ast-breadcrumbs-content":"","ast-featured-img":"","footer-sml-layout":"","ast-disable-related-posts":"","theme-transparent-header-meta":"default","adv-header-id-meta":"","stick-header-meta":"default","header-above-stick-meta":"","header-main-stick-meta":"","header-below-stick-meta":"","astra-migrate-meta-layouts":"set","ast-page-background-enabled":"default","ast-page-background-meta":{"desktop":{"background-color":"var(--ast-global-color-4)","background-image":"","background-repeat":"repeat","background-position":"center center","background-size":"auto","background-attachment":"scroll","background-type":"","background-media":"","overlay-type":"","overlay-color":"","overlay-opacity":"","overlay-gradient":""},"tablet":{"background-color":"","background-image":"","background-repeat":"repeat","background-position":"center center","background-size":"auto","background-attachment":"scroll","background-type":"","background-media":"","overlay-type":"","overlay-color":"","overlay-opacity":"","overlay-gradient":""},"mobile":{"background-color":"","background-image":"","background-repeat":"repeat","background-position":"center center","background-size":"auto","background-attachment":"scroll","background-type":"","background-media":"","overlay-type":"","overlay-color":"","overlay-opacity":"","overlay-gradient":""}},"ast-content-background-meta":{"desktop":{"background-color":"var(--ast-global-color-5)","background-image":"","background-repeat":"repeat","background-position":"center center","background-size":"auto","background-attachment":"scroll","background-type":"","background-media":"","overlay-type":"","overlay-color":"","overlay-opacity":"","overlay-gradient":""},"tablet":{"background-color":"var(--ast-global-color-5)","background-image":"","background-repeat":"repeat","background-position":"center center","background-size":"auto","background-attachment":"scroll","background-type":"","background-media":"","overlay-type":"","overlay-color":"","overlay-opacity":"","overlay-gradient":""},"mobile":{"background-color":"var(--ast-global-color-5)","background-image":"","background-repeat":"repeat","background-position":"center center","background-size":"auto","background-attachment":"scroll","background-type":"","background-media":"","overlay-type":"","overlay-color":"","overlay-opacity":"","overlay-gradient":""}}},"product_brand":[],"product_cat":[99],"product_tag":[],"class_list":{"0":"post-749","1":"product","2":"type-product","3":"status-publish","4":"has-post-thumbnail","6":"product_cat-garnacha-rosado","7":"desktop-align-left","8":"tablet-align-left","9":"mobile-align-left","10":"ast-product-gallery-layout-horizontal-slider","11":"ast-product-tabs-layout-horizontal","13":"first","14":"instock","15":"taxable","16":"shipping-taxable","17":"purchasable","18":"product-type-simple"},"_links":{"self":[{"href":"https:\/\/gonzalocelayetawines.com\/en\/wp-json\/wp\/v2\/product\/749","targetHints":{"allow":["GET"]}}],"collection":[{"href":"https:\/\/gonzalocelayetawines.com\/en\/wp-json\/wp\/v2\/product"}],"about":[{"href":"https:\/\/gonzalocelayetawines.com\/en\/wp-json\/wp\/v2\/types\/product"}],"replies":[{"embeddable":true,"href":"https:\/\/gonzalocelayetawines.com\/en\/wp-json\/wp\/v2\/comments?post=749"}],"wp:featuredmedia":[{"embeddable":true,"href":"https:\/\/gonzalocelayetawines.com\/en\/wp-json\/wp\/v2\/media\/1681"}],"wp:attachment":[{"href":"https:\/\/gonzalocelayetawines.com\/en\/wp-json\/wp\/v2\/media?parent=749"}],"wp:term":[{"taxonomy":"product_brand","embeddable":true,"href":"https:\/\/gonzalocelayetawines.com\/en\/wp-json\/wp\/v2\/product_brand?post=749"},{"taxonomy":"product_cat","embeddable":true,"href":"https:\/\/gonzalocelayetawines.com\/en\/wp-json\/wp\/v2\/product_cat?post=749"},{"taxonomy":"product_tag","embeddable":true,"href":"https:\/\/gonzalocelayetawines.com\/en\/wp-json\/wp\/v2\/product_tag?post=749"}],"curies":[{"name":"wp","href":"https:\/\/api.w.org\/{rel}","templated":true}]}}